{"id":1075,"date":"2022-07-04T04:30:22","date_gmt":"2022-07-04T01:30:22","guid":{"rendered":"https:\/\/shtheme.com\/demosd\/thecappawp\/?page_id=1075"},"modified":"2024-10-22T10:36:12","modified_gmt":"2024-10-22T07:36:12","slug":"startseite","status":"publish","type":"page","link":"https:\/\/bbcabanalife.com\/de\/","title":{"rendered":"Startseite"},"content":{"rendered":"\t\t<div data-elementor-type=\"wp-page\" data-elementor-id=\"1075\" class=\"elementor elementor-1075\" data-elementor-settings=\"[]\">\n\t\t\t\t\t\t\t<div class=\"elementor-section-wrap\">\n\t\t\t\t\t\t\t<section class=\"elementor-section elementor-top-section elementor-element elementor-element-321bca6 elementor-section-full_width elementor-section-height-default elementor-section-height-default\" data-id=\"321bca6\" data-element_type=\"section\">\n\t\t\t\t\t\t<div class=\"elementor-container elementor-column-gap-no\">\n\t\t\t\t\t<div class=\"elementor-column elementor-col-100 elementor-top-column elementor-element elementor-element-4afc901\" data-id=\"4afc901\" data-element_type=\"column\">\n\t\t\t<div class=\"elementor-widget-wrap elementor-element-populated\">\n\t\t\t\t\t\t\t\t<div class=\"elementor-element elementor-element-25ce90b elementor-align-left elementor-widget elementor-widget-home-slider-2\" data-id=\"25ce90b\" data-element_type=\"widget\" data-widget_type=\"home-slider-2.default\">\n\t\t\t\t<div class=\"elementor-widget-container\">\n\t\t\t\n\t\t<header class=\"header\">\n\t\t\t<div class=\"video-fullscreen-wrap\">\n\t\t\t\t<!-- The opacity on the image is made with \"data-overlay-dark=\"number\". You can change it using the numbers 0-9. -->\n\t\t\t\t\t\t\t\t<div class=\"video-fullscreen-video\" data-overlay-dark=\"5\">\n\t\t\t\t\t<video playsinline=\"\" autoplay=\"\" loop=\"\" muted=\"\">\n\t\t\t\t\t<source src=\"https:\/\/bbcabanalife.com\/\/wp-content\/uploads\/2022\/09\/cabana_videoo.mp4\" type=\"video\/mp4\" autoplay=\"\" loop=\"\" muted=\"\">\n\t\t\t\t\t<\/video>\n\t\t\t\t<\/div>\n\t\t\t\t\t\t\t\t<div class=\"v-middle caption overlay\">\n\t\t\t\t\t<div class=\"container\">\n\t\t\t\t\t\t<div class=\"row\">\n\t\t\t\t\t\t\t<div class=\"col-md-10 offset-md-1\"> \n\t\t\t\t\t\t\t\t<span>\n\t\t\t\t\t\t\t\t\t\t\t\t\t\t\t\t\t\t\t<i class=\"star-rating\"><\/i>\n\t\t\t\t\t\t\t\t\t\t\t\t\t\t\t\t\t<\/span>\n\t\t\t\t\t\t\t\t\t\t\t\t\t\t\t\t\t<h4>B &amp; B Cabana LIFE<\/h4>\n\t\t\t\t\t\t\t\t\t\t\t\t\t\t\t\t\t\t\t\t\t\t\t\t\t<h1>Eine kurze pause im rande der ruhe<\/h1>\n\t\t\t\t\t\t\t\t\t\t\t\t\t\t\t\t\t\t\t\t\t\t\t\t\t<div class=\"butn-dark\"> <a href=\"?room=junior-suite\" data-scroll-nav=\"1\"><span>Reservation<\/span><\/a> <\/div>\n\t\t\t\t\t\t\t\t\t\t\t\t\t\t\t<\/div>\n\t\t\t\t\t\t<\/div>\n\t\t\t\t\t<\/div>\n\t\t\t\t<\/div>\n\t\t\t<\/div>\n\t\t\t<!-- slider reservation -->\n\t\t\t\t\t\t<div class=\"reservation\">\n\t\t\t\t<a href=\"mailto:info@cabanaboutiquehotel.com\">\n\t\t\t\t\t<div class=\"icon d-flex justify-content-center align-items-center\">\n\t\t\t\t\t\t<i class=\"flaticon-call\"><\/i>\n\t\t\t\t\t<\/div>\n\t\t\t\t\t<div class=\"call\"><span>0 252 522 3333<\/span> <br>Reservation<\/div>\n\t\t\t\t<\/a>\n\t\t\t<\/div>\n\t\t\t\n\t\t\t<!-- arrow down -->\n\t\t\t\t\t<\/header>\n\n\t\t\n\t\t\n\t\t\t<\/div>\n\t\t\t\t<\/div>\n\t\t\t\t\t<\/div>\n\t\t<\/div>\n\t\t\t\t\t\t\t<\/div>\n\t\t<\/section>\n\t\t\t\t<section class=\"elementor-section elementor-top-section elementor-element elementor-element-1a8cddd elementor-section-full_width elementor-section-height-default elementor-section-height-default\" data-id=\"1a8cddd\" data-element_type=\"section\">\n\t\t\t\t\t\t<div class=\"elementor-container elementor-column-gap-no\">\n\t\t\t\t\t<div class=\"elementor-column elementor-col-100 elementor-top-column elementor-element elementor-element-9bd7f60\" data-id=\"9bd7f60\" data-element_type=\"column\">\n\t\t\t<div class=\"elementor-widget-wrap elementor-element-populated\">\n\t\t\t\t\t\t\t\t<div class=\"elementor-element elementor-element-707e705 elementor-align-left elementor-widget elementor-widget-home-about\" data-id=\"707e705\" data-element_type=\"widget\" data-widget_type=\"home-about.default\">\n\t\t\t\t<div class=\"elementor-widget-container\">\n\t\t\t\n\t\t<section class=\"about section-padding\">\n\t\t\t<h2 style=\"display: none!important;\">The Cappa<\/h2>\n\t\t\t<div class=\"container\">\n\t\t\t\t<div class=\"row\">\n\t\t\t\t\t<div class=\"col-md-6 mb-30 animate-box\" data-animate-effect=\"fadeInUp\">\n\t\t\t\t\t\t<span>\n\t\t\t\t\t\t\t\t\t\t\t\t\t\t\t<i class=\"star-rating\"><\/i>\n\t\t\t\t\t\t\t\t\t\t\t\t\t<\/span>\n\t\t\t\t\t\t\t\t\t\t\t\t\t\t\t\t\t\t<div class=\"section-title\">F\u00fcr einen angenehmen Urlaub in G\u00fcll\u00fck, wo sich die einzigartige Harmonie von Gr\u00fcn und Blau zusammentreffen\u2026<\/div>\n\t\t\t\t\t\t\t\t\t\t\t\t\t\t\t\t\t\tB &amp; B Cabana Life ist ein Stadthotel mit 7 Zimmern in G\u00fcll\u00fck, einer kleinen K\u00fcstenstadt, nur wenige Laufminuten vom Meer entfernt.\nZimmer mit 7 verschiedenen Inselnamen wie Havanna, Haiti, Bahama, Jamaika, Puerto Rico, Cayman Island und Kuba; entworfen mit Qualit\u00e4t, Zartheit und modernen Details.\nDas Cabana Boutique Hotel &amp; Caf\u00e9 erwartet Sie, um Ihre angenehmen Momente mit seinem k\u00f6stlichen Men\u00fc zu begleiten, das durch die Kombination von modernem und b\u00f6hmischem Stil sowie Kaffee und Cocktails entworfen wurde, die in Ihrem Gaumen bleiben.\t\t\t\t\t\t\t\t\t\t\t\t<!-- call -->\n\t\t\t\t\t\t\t\t\t\t\t\t<div class=\"reservations\">\n\t\t\t\t\t\t\t<div class=\"icon\"><span class=\"flaticon-call\"><\/span><\/div>\n\t\t\t\t\t\t\t<div class=\"text\">\n\t\t\t\t\t\t\t\t<p>Reservation<\/p> <a href=\"tel:+902525223333\">0 252 522 3333<\/a><br>\n<a href=\"tel:+905303662830\">0 530 366 2830<\/a>\t\t\t\t\t\t\t<\/div>\n\t\t\t\t\t\t<\/div>\n\t\t\t\t\t\t\t\t\t\t\t<\/div>\n\t\t\t\t\t\t\t\t\t\t<div class=\"col col-md-3 animate-box\" data-animate-effect=\"fadeInUp\">\n\t\t\t\t\t\t<img decoding=\"async\" src=\"https:\/\/bbcabanalife.com\/de\/wp-content\/uploads\/2024\/10\/Hakkimizda-1.jpg\" alt=\"\" class=\"mt-90 mb-30\">\n\t\t\t\t\t<\/div>\n\t\t\t\t\t\t\t\t\t\t\t\t\t\t\t<div class=\"col col-md-3 animate-box\" data-animate-effect=\"fadeInUp\">\n\t\t\t\t\t\t<img decoding=\"async\" src=\"https:\/\/cabanaboutiquehotel.com\/de\/wp-content\/uploads\/2022\/10\/anasayfa.jpg\" alt=\"\">\n\t\t\t\t\t<\/div>\n\t\t\t\t\t\t\t\t\t<\/div>\n\t\t\t<\/div>\n\t\t<\/section>\n\n\t\t\t<\/div>\n\t\t\t\t<\/div>\n\t\t\t\t<div class=\"elementor-element elementor-element-da50539 elementor-align-center elementor-widget elementor-widget-home-room-3\" data-id=\"da50539\" data-element_type=\"widget\" data-widget_type=\"home-room-3.default\">\n\t\t\t\t<div class=\"elementor-widget-container\">\n\t\t\t\n\t\t\t\t<section class=\"rooms3 section-padding bg-cream\" data-scroll-index=\"1\">\n\t\t \n\t\t\t<div class=\"container\">\n\t\t\t\t<div class=\"row\">\n\t\t\t\t\t<div class=\"col-md-12\">\n\t\t\t\t\t\t\t\t\t\t\t\t\t<div class=\"section-subtitle\">SCHAUEN SIE SICH UNSERE ZIMMER AN<\/div>\n\t\t\t\t\t\t\t\t\t\t\t\t\t\t\t\t\t\t\t<div class=\"section-title\">Unsere Zimmer<\/div>\n\t\t\t\t\t\t\t\t\t\t\t<\/div>\n\t\t\t\t<\/div>\n\t\t\t\t<div class=\"row\">\n\t\t\t\t\t<div class=\"col-md-12\">\n\t\t\t\t\t\t<div class=\"owl-carousel owl-theme\">\n\t\t\t\t\t\t\t\t\t\t\t\t\t\t\t\t\t<div class=\"square-flip\">\n\t\t\t\t\t\t\t\t\t\t<div class=\"square bg-img\" data-background=\"https:\/\/bbcabanalife.com\/de\/wp-content\/uploads\/2022\/09\/BT_8187-1-scaled.jpg\">\n\t\t\t\t\t\t\t\t\t\t\t<span class=\"category\"><a href=\"https:\/\/bbcabanalife.com\/de\/room\/family-room\/\">Untersuchen<\/a><\/span>\n\t\t\t\t\t\t\t\t\t\t\t<div class=\"square-container d-flex align-items-end justify-content-end\">\n\t\t\t\t\t\t\t\t\t\t\t\t<div class=\"box-title\">\n\t\t\t\t\t\t\t\t\t\t\t\t\t<h6><\/h6>\n\t\t\t\t\t\t\t\t\t\t\t\t\t<h4>Bahama<\/h4>\n\t\t\t\t\t\t\t\t\t\t\t\t<\/div>\n\t\t\t\t\t\t\t\t\t\t\t<\/div>\n\t\t\t\t\t\t\t\t\t\t\t<div class=\"flip-overlay\"><\/div>\n\t\t\t\t\t\t\t\t\t\t<\/div>\n\t\t\t\t\t\t\t\t\t\t\t\t\t\t\t\t\t\t\t\t<div class=\"square2\">\n\t\t\t\t\t\t\t\t\t\t \n\t\t\t\t\t\t\t\t\t\t\t<div class=\"square-container2\">\n\t\t\t\t\t\t\t\t\t\t\t\t<h6><\/h6>\n\t\t\t\t\t\t\t\t\t\t\t\t<h4>Bahama<\/h4>\n\t\t\t\t\t\t\t\t\t\t\t\t<p>\t\t\t\t\t\t\t\t\t\t\t\t\tB &#038; B Cabana Life m\u00f6chten wir Ihre Momente in dieser Zeit unvergesslich machen,...<\/p>\n\t\t\t\t\t\t\t\t\t\t\t\t\t<div class=\"row room-facilities mb-30 facilities-col-2\">\n\t\t\t\t\t\t\t\t\t\t\t\t\t\t<div class=\"col-md-12\">\n\t\t\t\t\t\t\t\t\t\t\t\t\t\t\t<ul>\n\t\t\t\t\t\t\t\t\t\t\t\t\t\t\t\t\t\t\t\t\t\t\t\t\t\t\t\t\t\t\t<\/ul>\n\t\t\t\t\t\t\t\t\t\t\t\t\t\t<\/div>\n\t\t\t\t\t\t\t\t\t\t\t\t\t<\/div>\n\t\t\t\t\t\t\t\t\t\t\t\t\t<div class=\"btn-line\"><a href=\"https:\/\/bbcabanalife.com\/de\/room\/family-room\/\">Detail<\/a><\/div>\n\t\t\t\t\t\t\t\t\t\t\t\t<\/div>\n\t\t\t\t\t\t\t\t\t\t\t<\/div>\n\t\t\t\t\t\t\t\t\t\t<\/div>\n\t\t\t\t\t\t\t\t\t\t\t\t\t\t\t\t\t<div class=\"square-flip\">\n\t\t\t\t\t\t\t\t\t\t<div class=\"square bg-img\" data-background=\"https:\/\/bbcabanalife.com\/de\/wp-content\/uploads\/2022\/09\/BT_8177-3-scaled.jpg\">\n\t\t\t\t\t\t\t\t\t\t\t<span class=\"category\"><a href=\"https:\/\/bbcabanalife.com\/de\/room\/havanna\/\">Untersuchen<\/a><\/span>\n\t\t\t\t\t\t\t\t\t\t\t<div class=\"square-container d-flex align-items-end justify-content-end\">\n\t\t\t\t\t\t\t\t\t\t\t\t<div class=\"box-title\">\n\t\t\t\t\t\t\t\t\t\t\t\t\t<h6><\/h6>\n\t\t\t\t\t\t\t\t\t\t\t\t\t<h4>Havanna<\/h4>\n\t\t\t\t\t\t\t\t\t\t\t\t<\/div>\n\t\t\t\t\t\t\t\t\t\t\t<\/div>\n\t\t\t\t\t\t\t\t\t\t\t<div class=\"flip-overlay\"><\/div>\n\t\t\t\t\t\t\t\t\t\t<\/div>\n\t\t\t\t\t\t\t\t\t\t\t\t\t\t\t\t\t\t\t\t<div class=\"square2\">\n\t\t\t\t\t\t\t\t\t\t \n\t\t\t\t\t\t\t\t\t\t\t<div class=\"square-container2\">\n\t\t\t\t\t\t\t\t\t\t\t\t<h6><\/h6>\n\t\t\t\t\t\t\t\t\t\t\t\t<h4>Havanna<\/h4>\n\t\t\t\t\t\t\t\t\t\t\t\t<p>\t\t\t\t\t\t\t\t\t\t\t\t\tB &amp; B Cabana Life m\u00f6chten wir Ihre Momente in dieser Zeit unvergesslich machen,...<\/p>\n\t\t\t\t\t\t\t\t\t\t\t\t\t<div class=\"row room-facilities mb-30 facilities-col-2\">\n\t\t\t\t\t\t\t\t\t\t\t\t\t\t<div class=\"col-md-12\">\n\t\t\t\t\t\t\t\t\t\t\t\t\t\t\t<ul>\n\t\t\t\t\t\t\t\t\t\t\t\t\t\t\t\t\t\t\t\t\t\t\t\t\t\t\t\t\t\t\t<\/ul>\n\t\t\t\t\t\t\t\t\t\t\t\t\t\t<\/div>\n\t\t\t\t\t\t\t\t\t\t\t\t\t<\/div>\n\t\t\t\t\t\t\t\t\t\t\t\t\t<div class=\"btn-line\"><a href=\"https:\/\/bbcabanalife.com\/de\/room\/havanna\/\">Detail<\/a><\/div>\n\t\t\t\t\t\t\t\t\t\t\t\t<\/div>\n\t\t\t\t\t\t\t\t\t\t\t<\/div>\n\t\t\t\t\t\t\t\t\t\t<\/div>\n\t\t\t\t\t\t\t\t\t\t\t\t\t\t\t\t\t<div class=\"square-flip\">\n\t\t\t\t\t\t\t\t\t\t<div class=\"square bg-img\" data-background=\"https:\/\/bbcabanalife.com\/de\/wp-content\/uploads\/2022\/09\/BT_8180-2-scaled.jpg\">\n\t\t\t\t\t\t\t\t\t\t\t<span class=\"category\"><a href=\"https:\/\/bbcabanalife.com\/de\/room\/haiti\/\">Untersuchen<\/a><\/span>\n\t\t\t\t\t\t\t\t\t\t\t<div class=\"square-container d-flex align-items-end justify-content-end\">\n\t\t\t\t\t\t\t\t\t\t\t\t<div class=\"box-title\">\n\t\t\t\t\t\t\t\t\t\t\t\t\t<h6><\/h6>\n\t\t\t\t\t\t\t\t\t\t\t\t\t<h4>Haiti<\/h4>\n\t\t\t\t\t\t\t\t\t\t\t\t<\/div>\n\t\t\t\t\t\t\t\t\t\t\t<\/div>\n\t\t\t\t\t\t\t\t\t\t\t<div class=\"flip-overlay\"><\/div>\n\t\t\t\t\t\t\t\t\t\t<\/div>\n\t\t\t\t\t\t\t\t\t\t\t\t\t\t\t\t\t\t\t\t<div class=\"square2\">\n\t\t\t\t\t\t\t\t\t\t \n\t\t\t\t\t\t\t\t\t\t\t<div class=\"square-container2\">\n\t\t\t\t\t\t\t\t\t\t\t\t<h6><\/h6>\n\t\t\t\t\t\t\t\t\t\t\t\t<h4>Haiti<\/h4>\n\t\t\t\t\t\t\t\t\t\t\t\t<p>\t\t\t\t\t\t\t\t\t\t\t\t\tB &#038; B Cabana Life m\u00f6chten wir Ihre Momente in dieser Zeit unvergesslich machen,...<\/p>\n\t\t\t\t\t\t\t\t\t\t\t\t\t<div class=\"row room-facilities mb-30 facilities-col-2\">\n\t\t\t\t\t\t\t\t\t\t\t\t\t\t<div class=\"col-md-12\">\n\t\t\t\t\t\t\t\t\t\t\t\t\t\t\t<ul>\n\t\t\t\t\t\t\t\t\t\t\t\t\t\t\t\t\t\t\t\t\t\t\t\t\t\t\t\t\t\t\t<\/ul>\n\t\t\t\t\t\t\t\t\t\t\t\t\t\t<\/div>\n\t\t\t\t\t\t\t\t\t\t\t\t\t<\/div>\n\t\t\t\t\t\t\t\t\t\t\t\t\t<div class=\"btn-line\"><a href=\"https:\/\/bbcabanalife.com\/de\/room\/haiti\/\">Detail<\/a><\/div>\n\t\t\t\t\t\t\t\t\t\t\t\t<\/div>\n\t\t\t\t\t\t\t\t\t\t\t<\/div>\n\t\t\t\t\t\t\t\t\t\t<\/div>\n\t\t\t\t\t\t\t\t\t\t\t\t\t\t\t\t\t<div class=\"square-flip\">\n\t\t\t\t\t\t\t\t\t\t<div class=\"square bg-img\" data-background=\"https:\/\/bbcabanalife.com\/de\/wp-content\/uploads\/2022\/09\/BT_8188-scaled.jpg\">\n\t\t\t\t\t\t\t\t\t\t\t<span class=\"category\"><a href=\"https:\/\/bbcabanalife.com\/de\/room\/jamaika\/\">Untersuchen<\/a><\/span>\n\t\t\t\t\t\t\t\t\t\t\t<div class=\"square-container d-flex align-items-end justify-content-end\">\n\t\t\t\t\t\t\t\t\t\t\t\t<div class=\"box-title\">\n\t\t\t\t\t\t\t\t\t\t\t\t\t<h6><\/h6>\n\t\t\t\t\t\t\t\t\t\t\t\t\t<h4>Jamaika<\/h4>\n\t\t\t\t\t\t\t\t\t\t\t\t<\/div>\n\t\t\t\t\t\t\t\t\t\t\t<\/div>\n\t\t\t\t\t\t\t\t\t\t\t<div class=\"flip-overlay\"><\/div>\n\t\t\t\t\t\t\t\t\t\t<\/div>\n\t\t\t\t\t\t\t\t\t\t\t\t\t\t\t\t\t\t\t\t<div class=\"square2\">\n\t\t\t\t\t\t\t\t\t\t \n\t\t\t\t\t\t\t\t\t\t\t<div class=\"square-container2\">\n\t\t\t\t\t\t\t\t\t\t\t\t<h6><\/h6>\n\t\t\t\t\t\t\t\t\t\t\t\t<h4>Jamaika<\/h4>\n\t\t\t\t\t\t\t\t\t\t\t\t<p>\t\t\t\t\t\t\t\t\t\t\t\t\tB &#038; B Cabana Life m\u00f6chten wir Ihre Momente in dieser Zeit unvergesslich machen,...<\/p>\n\t\t\t\t\t\t\t\t\t\t\t\t\t<div class=\"row room-facilities mb-30 facilities-col-2\">\n\t\t\t\t\t\t\t\t\t\t\t\t\t\t<div class=\"col-md-12\">\n\t\t\t\t\t\t\t\t\t\t\t\t\t\t\t<ul>\n\t\t\t\t\t\t\t\t\t\t\t\t\t\t\t\t\t\t\t\t\t\t\t\t\t\t\t\t\t\t\t<\/ul>\n\t\t\t\t\t\t\t\t\t\t\t\t\t\t<\/div>\n\t\t\t\t\t\t\t\t\t\t\t\t\t<\/div>\n\t\t\t\t\t\t\t\t\t\t\t\t\t<div class=\"btn-line\"><a href=\"https:\/\/bbcabanalife.com\/de\/room\/jamaika\/\">Detail<\/a><\/div>\n\t\t\t\t\t\t\t\t\t\t\t\t<\/div>\n\t\t\t\t\t\t\t\t\t\t\t<\/div>\n\t\t\t\t\t\t\t\t\t\t<\/div>\n\t\t\t\t\t\t\t\t\t\t\t\t\t\t\t\t\t<div class=\"square-flip\">\n\t\t\t\t\t\t\t\t\t\t<div class=\"square bg-img\" data-background=\"https:\/\/bbcabanalife.com\/de\/wp-content\/uploads\/2022\/09\/4U5A0180-1-scaled.jpg\">\n\t\t\t\t\t\t\t\t\t\t\t<span class=\"category\"><a href=\"https:\/\/bbcabanalife.com\/de\/room\/puerto-rico\/\">Untersuchen<\/a><\/span>\n\t\t\t\t\t\t\t\t\t\t\t<div class=\"square-container d-flex align-items-end justify-content-end\">\n\t\t\t\t\t\t\t\t\t\t\t\t<div class=\"box-title\">\n\t\t\t\t\t\t\t\t\t\t\t\t\t<h6><\/h6>\n\t\t\t\t\t\t\t\t\t\t\t\t\t<h4>Puerto Rico<\/h4>\n\t\t\t\t\t\t\t\t\t\t\t\t<\/div>\n\t\t\t\t\t\t\t\t\t\t\t<\/div>\n\t\t\t\t\t\t\t\t\t\t\t<div class=\"flip-overlay\"><\/div>\n\t\t\t\t\t\t\t\t\t\t<\/div>\n\t\t\t\t\t\t\t\t\t\t\t\t\t\t\t\t\t\t\t\t<div class=\"square2\">\n\t\t\t\t\t\t\t\t\t\t \n\t\t\t\t\t\t\t\t\t\t\t<div class=\"square-container2\">\n\t\t\t\t\t\t\t\t\t\t\t\t<h6><\/h6>\n\t\t\t\t\t\t\t\t\t\t\t\t<h4>Puerto Rico<\/h4>\n\t\t\t\t\t\t\t\t\t\t\t\t<p>\t\t\t\t\t\t\t\t\t\t\t\t\tB &#038; B Cabana Life m\u00f6chten wir Ihre Momente in dieser Zeit unvergesslich machen,...<\/p>\n\t\t\t\t\t\t\t\t\t\t\t\t\t<div class=\"row room-facilities mb-30 facilities-col-2\">\n\t\t\t\t\t\t\t\t\t\t\t\t\t\t<div class=\"col-md-12\">\n\t\t\t\t\t\t\t\t\t\t\t\t\t\t\t<ul>\n\t\t\t\t\t\t\t\t\t\t\t\t\t\t\t\t\t\t\t\t\t\t\t\t\t\t\t\t\t\t\t<\/ul>\n\t\t\t\t\t\t\t\t\t\t\t\t\t\t<\/div>\n\t\t\t\t\t\t\t\t\t\t\t\t\t<\/div>\n\t\t\t\t\t\t\t\t\t\t\t\t\t<div class=\"btn-line\"><a href=\"https:\/\/bbcabanalife.com\/de\/room\/puerto-rico\/\">Detail<\/a><\/div>\n\t\t\t\t\t\t\t\t\t\t\t\t<\/div>\n\t\t\t\t\t\t\t\t\t\t\t<\/div>\n\t\t\t\t\t\t\t\t\t\t<\/div>\n\t\t\t\t\t\t\t\t\t\t\t\t\t\t\t\t\t<div class=\"square-flip\">\n\t\t\t\t\t\t\t\t\t\t<div class=\"square bg-img\" data-background=\"https:\/\/bbcabanalife.com\/de\/wp-content\/uploads\/2022\/09\/DSC0998-scaled.jpg\">\n\t\t\t\t\t\t\t\t\t\t\t<span class=\"category\"><a href=\"https:\/\/bbcabanalife.com\/de\/room\/cayman-island\/\">Untersuchen<\/a><\/span>\n\t\t\t\t\t\t\t\t\t\t\t<div class=\"square-container d-flex align-items-end justify-content-end\">\n\t\t\t\t\t\t\t\t\t\t\t\t<div class=\"box-title\">\n\t\t\t\t\t\t\t\t\t\t\t\t\t<h6><\/h6>\n\t\t\t\t\t\t\t\t\t\t\t\t\t<h4>Cayman Island<\/h4>\n\t\t\t\t\t\t\t\t\t\t\t\t<\/div>\n\t\t\t\t\t\t\t\t\t\t\t<\/div>\n\t\t\t\t\t\t\t\t\t\t\t<div class=\"flip-overlay\"><\/div>\n\t\t\t\t\t\t\t\t\t\t<\/div>\n\t\t\t\t\t\t\t\t\t\t\t\t\t\t\t\t\t\t\t\t<div class=\"square2\">\n\t\t\t\t\t\t\t\t\t\t \n\t\t\t\t\t\t\t\t\t\t\t<div class=\"square-container2\">\n\t\t\t\t\t\t\t\t\t\t\t\t<h6><\/h6>\n\t\t\t\t\t\t\t\t\t\t\t\t<h4>Cayman Island<\/h4>\n\t\t\t\t\t\t\t\t\t\t\t\t<p>\t\t\t\t\t\t\t\t\t\t\t\t\tB &#038; B Cabana Life m\u00f6chten wir Ihre Momente in dieser Zeit unvergesslich machen,...<\/p>\n\t\t\t\t\t\t\t\t\t\t\t\t\t<div class=\"row room-facilities mb-30 facilities-col-2\">\n\t\t\t\t\t\t\t\t\t\t\t\t\t\t<div class=\"col-md-12\">\n\t\t\t\t\t\t\t\t\t\t\t\t\t\t\t<ul>\n\t\t\t\t\t\t\t\t\t\t\t\t\t\t\t\t\t\t\t\t\t\t\t\t\t\t\t\t\t\t\t<\/ul>\n\t\t\t\t\t\t\t\t\t\t\t\t\t\t<\/div>\n\t\t\t\t\t\t\t\t\t\t\t\t\t<\/div>\n\t\t\t\t\t\t\t\t\t\t\t\t\t<div class=\"btn-line\"><a href=\"https:\/\/bbcabanalife.com\/de\/room\/cayman-island\/\">Detail<\/a><\/div>\n\t\t\t\t\t\t\t\t\t\t\t\t<\/div>\n\t\t\t\t\t\t\t\t\t\t\t<\/div>\n\t\t\t\t\t\t\t\t\t\t<\/div>\n\t\t\t\t\t\t\t\t\t\t\t\t\t\t\t\t\t<div class=\"square-flip\">\n\t\t\t\t\t\t\t\t\t\t<div class=\"square bg-img\" data-background=\"https:\/\/bbcabanalife.com\/de\/wp-content\/uploads\/2024\/07\/IMG_9361.jpg\">\n\t\t\t\t\t\t\t\t\t\t\t<span class=\"category\"><a href=\"https:\/\/bbcabanalife.com\/de\/room\/kuba\/\">Untersuchen<\/a><\/span>\n\t\t\t\t\t\t\t\t\t\t\t<div class=\"square-container d-flex align-items-end justify-content-end\">\n\t\t\t\t\t\t\t\t\t\t\t\t<div class=\"box-title\">\n\t\t\t\t\t\t\t\t\t\t\t\t\t<h6><\/h6>\n\t\t\t\t\t\t\t\t\t\t\t\t\t<h4>Kuba<\/h4>\n\t\t\t\t\t\t\t\t\t\t\t\t<\/div>\n\t\t\t\t\t\t\t\t\t\t\t<\/div>\n\t\t\t\t\t\t\t\t\t\t\t<div class=\"flip-overlay\"><\/div>\n\t\t\t\t\t\t\t\t\t\t<\/div>\n\t\t\t\t\t\t\t\t\t\t\t\t\t\t\t\t\t\t\t\t<div class=\"square2\">\n\t\t\t\t\t\t\t\t\t\t \n\t\t\t\t\t\t\t\t\t\t\t<div class=\"square-container2\">\n\t\t\t\t\t\t\t\t\t\t\t\t<h6><\/h6>\n\t\t\t\t\t\t\t\t\t\t\t\t<h4>Kuba<\/h4>\n\t\t\t\t\t\t\t\t\t\t\t\t<p>\t\t\t\t\t\t\t\t\t\t\t\t\tB &#038; B Cabana Life m\u00f6chten wir Ihre Momente in dieser Zeit unvergesslich machen,...<\/p>\n\t\t\t\t\t\t\t\t\t\t\t\t\t<div class=\"row room-facilities mb-30 facilities-col-2\">\n\t\t\t\t\t\t\t\t\t\t\t\t\t\t<div class=\"col-md-12\">\n\t\t\t\t\t\t\t\t\t\t\t\t\t\t\t<ul>\n\t\t\t\t\t\t\t\t\t\t\t\t\t\t\t\t\t\t\t\t\t\t\t\t\t\t\t\t\t\t\t<\/ul>\n\t\t\t\t\t\t\t\t\t\t\t\t\t\t<\/div>\n\t\t\t\t\t\t\t\t\t\t\t\t\t<\/div>\n\t\t\t\t\t\t\t\t\t\t\t\t\t<div class=\"btn-line\"><a href=\"https:\/\/bbcabanalife.com\/de\/room\/kuba\/\">Detail<\/a><\/div>\n\t\t\t\t\t\t\t\t\t\t\t\t<\/div>\n\t\t\t\t\t\t\t\t\t\t\t<\/div>\n\t\t\t\t\t\t\t\t\t\t<\/div>\n\t\t\t\t\t\t\t\t\t\t\t\t\t\t\t<\/div>\n\t\t\t\t\t\t<\/div>\n\t\t\t\t\t<\/div>\n\t\t\t\t<\/div>\n\t\t\t<\/section>\n\t\t\n\t\t\t<\/div>\n\t\t\t\t<\/div>\n\t\t\t\t\t<\/div>\n\t\t<\/div>\n\t\t\t\t\t\t\t<\/div>\n\t\t<\/section>\n\t\t\t\t<section class=\"elementor-section elementor-top-section elementor-element elementor-element-d6c771f elementor-section-full_width elementor-section-height-default elementor-section-height-default\" data-id=\"d6c771f\" data-element_type=\"section\">\n\t\t\t\t\t\t<div class=\"elementor-container elementor-column-gap-no\">\n\t\t\t\t\t<div class=\"elementor-column elementor-col-100 elementor-top-column elementor-element elementor-element-7dd51c6\" data-id=\"7dd51c6\" data-element_type=\"column\">\n\t\t\t<div class=\"elementor-widget-wrap\">\n\t\t\t\t\t\t\t\t\t<\/div>\n\t\t<\/div>\n\t\t\t\t\t\t\t<\/div>\n\t\t<\/section>\n\t\t\t\t<section class=\"elementor-section elementor-top-section elementor-element elementor-element-116f8e1 elementor-section-full_width elementor-section-height-default elementor-section-height-default\" data-id=\"116f8e1\" data-element_type=\"section\">\n\t\t\t\t\t\t<div class=\"elementor-container elementor-column-gap-no\">\n\t\t\t\t\t<div class=\"elementor-column elementor-col-100 elementor-top-column elementor-element elementor-element-0f0a275\" data-id=\"0f0a275\" data-element_type=\"column\">\n\t\t\t<div class=\"elementor-widget-wrap elementor-element-populated\">\n\t\t\t\t\t\t\t\t<div class=\"elementor-element elementor-element-b2404ef elementor-align-left elementor-widget elementor-widget-home-video\" data-id=\"b2404ef\" data-element_type=\"widget\" data-widget_type=\"home-video.default\">\n\t\t\t\t<div class=\"elementor-widget-container\">\n\t\t\t\n\t\t\t\t<section class=\"video-wrapper video section-padding bg-img bg-fixed\" data-overlay-dark=\"3\" data-background=\"https:\/\/bbcabanalife.com\/de\/wp-content\/uploads\/2024\/10\/Video_Preview_Min.jpg\">\n\t\t\t\t\t<h2 style=\"display: none!important;\">The Cappa<\/h2>\n\t\t\t<div class=\"container\">\n\t\t\t\t<div class=\"row\">\n\t\t\t\t\t<div class=\"col-md-8 offset-md-2 text-center\">\n\t\t\t\t\t\t<span><i class=\"star-rating\"><\/i><i class=\"star-rating\"><\/i><i class=\"star-rating\"><\/i><i class=\"star-rating\"><\/i><i class=\"star-rating\"><\/i><\/span>\n\t\t\t\t\t\t\t\t\t\t\t\t\t\t\t\t\t\t<div class=\"section-title\"><span>Unser Werbefilm<\/span><\/div>\n\t\t\t\t\t\t\t\t\t\t\t<\/div>\n\t\t\t\t<\/div>\n\t\t\t\t<div class=\"row\">\n\t\t\t\t\t\t\t\t\t\t\t<div class=\"text-center col-md-12\">\n\t\t\t\t\t\t\t<a class=\"vid\" href=\"https:\/\/www.youtube.com\/watch?v=JGsyen51kZg\">\n\t\t\t\t\t\t\t\t<div class=\"vid-butn\">\n\t\t\t\t\t\t\t\t\t<span class=\"icon\">\n\t\t\t\t\t\t\t\t\t\t<i class=\"ti-control-play\"><\/i>\n\t\t\t\t\t\t\t\t\t<\/span>\n\t\t\t\t\t\t\t\t<\/div>\n\t\t\t\t\t\t\t<\/a>\n\t\t\t\t\t\t<\/div>\n\t\t\t\t\t\t\t\t\t<\/div>\n\t\t\t<\/div>\n\t\t<\/section>\n\n\t\t\t<\/div>\n\t\t\t\t<\/div>\n\t\t\t\t\t<\/div>\n\t\t<\/div>\n\t\t\t\t\t\t\t<\/div>\n\t\t<\/section>\n\t\t\t\t<section class=\"elementor-section elementor-top-section elementor-element elementor-element-45959b0 elementor-section-full_width elementor-section-height-default elementor-section-height-default\" data-id=\"45959b0\" data-element_type=\"section\">\n\t\t\t\t\t\t<div class=\"elementor-container elementor-column-gap-no\">\n\t\t\t\t\t<div class=\"elementor-column elementor-col-100 elementor-top-column elementor-element elementor-element-d8b5126\" data-id=\"d8b5126\" data-element_type=\"column\">\n\t\t\t<div class=\"elementor-widget-wrap\">\n\t\t\t\t\t\t\t\t\t<\/div>\n\t\t<\/div>\n\t\t\t\t\t\t\t<\/div>\n\t\t<\/section>\n\t\t\t\t\t\t<\/div>\n\t\t\t\t\t<\/div>\n\t\t","protected":false},"excerpt":{"rendered":"<p>B &amp; B Cabana LIFE Eine kurze pause im rande der ruhe Reservation 0 252 522 3333 Reservation The Cappa F\u00fcr einen angenehmen Urlaub in G\u00fcll\u00fck, wo sich die einzigartige Harmonie von Gr\u00fcn und Blau zusammentreffen\u2026 B &amp; B Cabana Life ist ein Stadthotel mit 7 Zimmern in G\u00fcll\u00fck, einer kleinen K\u00fcstenstadt, nur wenige Laufminuten [&hellip;]<\/p>\n","protected":false},"author":1,"featured_media":0,"parent":0,"menu_order":0,"comment_status":"closed","ping_status":"closed","template":"page-templates\/home.php","meta":{"inline_featured_image":false,"_joinchat":[],"footnotes":""},"class_list":["post-1075","page","type-page","status-publish","hentry"],"_links":{"self":[{"href":"https:\/\/bbcabanalife.com\/de\/wp-json\/wp\/v2\/pages\/1075","targetHints":{"allow":["GET"]}}],"collection":[{"href":"https:\/\/bbcabanalife.com\/de\/wp-json\/wp\/v2\/pages"}],"about":[{"href":"https:\/\/bbcabanalife.com\/de\/wp-json\/wp\/v2\/types\/page"}],"author":[{"embeddable":true,"href":"https:\/\/bbcabanalife.com\/de\/wp-json\/wp\/v2\/users\/1"}],"replies":[{"embeddable":true,"href":"https:\/\/bbcabanalife.com\/de\/wp-json\/wp\/v2\/comments?post=1075"}],"version-history":[{"count":138,"href":"https:\/\/bbcabanalife.com\/de\/wp-json\/wp\/v2\/pages\/1075\/revisions"}],"predecessor-version":[{"id":2149,"href":"https:\/\/bbcabanalife.com\/de\/wp-json\/wp\/v2\/pages\/1075\/revisions\/2149"}],"wp:attachment":[{"href":"https:\/\/bbcabanalife.com\/de\/wp-json\/wp\/v2\/media?parent=1075"}],"curies":[{"name":"wp","href":"https:\/\/api.w.org\/{rel}","templated":true}]}}